{"id":10,"date":"2022-01-05T13:25:42","date_gmt":"2022-01-05T12:25:42","guid":{"rendered":"https:\/\/pawelskamaly.com\/?page_id=10"},"modified":"2023-03-12T15:45:20","modified_gmt":"2023-03-12T14:45:20","slug":"informacje","status":"publish","type":"page","link":"https:\/\/pawelskamaly.com\/index.php\/informacje\/","title":{"rendered":"Konsultacje OnLine"},"content":{"rendered":"\n<p>T\u0119 form\u0119 kontaktu z psychologiem kieruj\u0119 do os\u00f3b, kt\u00f3re z pewnych przyczyn nie maj\u0105 mo\u017cliwo\u015bci dost\u0119pu do pomocy psychologicznej w miejscu zamieszkania, b\u0105d\u017a nie mog\u0105 z niej skorzysta\u0107 w j\u0119zyku polskim oraz takich, kt\u00f3re w wyniku pogorszenia si\u0119 (r\u00f3wnie\u017c kr\u00f3tkotrwa\u0142ego) kondycji fizycznej i\/lub psychicznej nie mog\u0105 osobi\u015bcie pojawi\u0107 si\u0119 w gabinecie psychologicznym.<\/p>\n\n\n\n<p>Przygotowuj\u0105c si\u0119 do tej formy kontaktu z psychologiem nale\u017cy zadba\u0107 o odpowiedni\u0105 jako\u015b\u0107 po\u0142\u0105czenia internetowego oraz w\u0142asny komfort.<\/p>\n\n\n\n<p>Konsultacje on-line odbywaj\u0105 si\u0119 po wcze\u015bniejszym um\u00f3wieniu terminu oraz dokonaniu p\u0142atno\u015bci. W celu zapewnienia odpowiednich warunk\u00f3w ka\u017cdorazowo podczas konsultacji on-line \u0142\u0105cz\u0119 si\u0119 z Pa\u0144stwem ze swojego gabinetu gwarantuj\u0105c dyskrecj\u0119 i punktualno\u015b\u0107. <\/p>\n\n\n\n<p>W celu rezerwacji terminu prosz\u0119 o kontakt telefoniczny\/mailowy lub za po\u015brednictwem portalu twojpsycholog.pl.<\/p>\n","protected":false},"excerpt":{"rendered":"<p>T\u0119 form\u0119 kontaktu z psychologiem kieruj\u0119 do os\u00f3b, kt\u00f3re z pewnych przyczyn nie maj\u0105 mo\u017cliwo\u015bci dost\u0119pu do pomocy psychologicznej w miejscu zamieszkania, b\u0105d\u017a nie mog\u0105 z niej skorzysta\u0107 w j\u0119zyku polskim oraz takich, kt\u00f3re w wyniku pogorszenia si\u0119 (r\u00f3wnie\u017c kr\u00f3tkotrwa\u0142ego) kondycji fizycznej i\/lub psychicznej nie mog\u0105 osobi\u015bcie pojawi\u0107 si\u0119 w gabinecie psychologicznym. Przygotowuj\u0105c si\u0119 do &hellip; <\/p>\n<p class=\"link-more\"><a href=\"https:\/\/pawelskamaly.com\/index.php\/informacje\/\" class=\"more-link\">Czytaj dalej<span class=\"screen-reader-text\"> \u201eKonsultacje OnLine\u201d<\/span><\/a><\/p>\n","protected":false},"author":1,"featured_media":0,"parent":0,"menu_order":0,"comment_status":"closed","ping_status":"closed","template":"","meta":{"om_disable_all_campaigns":false,"_monsterinsights_skip_tracking":false,"_monsterinsights_sitenote_active":false,"_monsterinsights_sitenote_note":"","_monsterinsights_sitenote_category":0,"footnotes":""},"class_list":["post-10","page","type-page","status-publish","hentry"],"aioseo_notices":[],"_links":{"self":[{"href":"https:\/\/pawelskamaly.com\/index.php\/wp-json\/wp\/v2\/pages\/10","targetHints":{"allow":["GET"]}}],"collection":[{"href":"https:\/\/pawelskamaly.com\/index.php\/wp-json\/wp\/v2\/pages"}],"about":[{"href":"https:\/\/pawelskamaly.com\/index.php\/wp-json\/wp\/v2\/types\/page"}],"author":[{"embeddable":true,"href":"https:\/\/pawelskamaly.com\/index.php\/wp-json\/wp\/v2\/users\/1"}],"replies":[{"embeddable":true,"href":"https:\/\/pawelskamaly.com\/index.php\/wp-json\/wp\/v2\/comments?post=10"}],"version-history":[{"count":10,"href":"https:\/\/pawelskamaly.com\/index.php\/wp-json\/wp\/v2\/pages\/10\/revisions"}],"predecessor-version":[{"id":287,"href":"https:\/\/pawelskamaly.com\/index.php\/wp-json\/wp\/v2\/pages\/10\/revisions\/287"}],"wp:attachment":[{"href":"https:\/\/pawelskamaly.com\/index.php\/wp-json\/wp\/v2\/media?parent=10"}],"curies":[{"name":"wp","href":"https:\/\/api.w.org\/{rel}","templated":true}]}}