{"id":11,"date":"2022-01-05T13:25:42","date_gmt":"2022-01-05T12:25:42","guid":{"rendered":"https:\/\/pawelskamaly.com\/?page_id=11"},"modified":"2025-01-06T21:05:58","modified_gmt":"2025-01-06T20:05:58","slug":"kontakt","status":"publish","type":"page","link":"https:\/\/pawelskamaly.com\/","title":{"rendered":"Czym zajmuje si\u0119 psycholog?"},"content":{"rendered":"\n<p>Psycholog jest osob\u0105 wykonuj\u0105c\u0105 zaw\u00f3d zaufania publicznego, pracuj\u0105c\u0105 zgodnie z kodeksem etycznym, kt\u00f3ra pomaga osobom do\u015bwiadczaj\u0105cym trudno\u015bci w sferze zwi\u0105zanej z ludzk\u0105 psychik\u0105, np. z emocjami czy relacjami z otoczeniem. Jest to osoba obiektywna, nieanga\u017cuj\u0105ca w relacj\u0119 w\u0142asnych emocji. Skorzystanie z jednorazowej konsultacji psychologicznej mo\u017ce okaza\u0107 si\u0119 wystarczaj\u0105ce do poprawy samopoczucia czy sytuacji &#8211; czasem jednak potrzeba na to regularnych spotka\u0144. W pewnych sytuacjach jest to te\u017c wst\u0119p do psychoterapii lub spotkania z lekarzem psychiatr\u0105. Udaj\u0105c si\u0119 do psychologa nale\u017cy mie\u0107 na uwadze, i\u017c nie rozwi\u0105\u017ce on problemu za osob\u0119 zg\u0142aszaj\u0105c\u0105 si\u0119 na konsultacj\u0119. Specjalista posiada jednak odpowiedni\u0105 wiedz\u0119 i narz\u0119dzia, aby w warunkach bezpiecznych odnale\u017a\u0107 \u017ar\u00f3d\u0142o do\u015bwiadczanych trudno\u015bci i pom\u00f3c w ich zrozumieniu.<\/p>\n\n\n\n<p><\/p>\n","protected":false},"excerpt":{"rendered":"<p>Psycholog jest osob\u0105 wykonuj\u0105c\u0105 zaw\u00f3d zaufania publicznego, pracuj\u0105c\u0105 zgodnie z kodeksem etycznym, kt\u00f3ra pomaga osobom do\u015bwiadczaj\u0105cym trudno\u015bci w sferze zwi\u0105zanej z ludzk\u0105 psychik\u0105, np. z emocjami czy relacjami z otoczeniem. Jest to osoba obiektywna, nieanga\u017cuj\u0105ca w relacj\u0119 w\u0142asnych emocji. Skorzystanie z jednorazowej konsultacji psychologicznej mo\u017ce okaza\u0107 si\u0119 wystarczaj\u0105ce do poprawy samopoczucia czy sytuacji &#8211; czasem &hellip; <\/p>\n<p class=\"link-more\"><a href=\"https:\/\/pawelskamaly.com\/\" class=\"more-link\">Czytaj dalej<span class=\"screen-reader-text\"> \u201eCzym zajmuje si\u0119 psycholog?\u201d<\/span><\/a><\/p>\n","protected":false},"author":1,"featured_media":0,"parent":0,"menu_order":0,"comment_status":"closed","ping_status":"closed","template":"","meta":{"om_disable_all_campaigns":false,"_monsterinsights_skip_tracking":false,"_monsterinsights_sitenote_active":false,"_monsterinsights_sitenote_note":"","_monsterinsights_sitenote_category":0,"footnotes":""},"class_list":["post-11","page","type-page","status-publish","hentry"],"aioseo_notices":[],"_links":{"self":[{"href":"https:\/\/pawelskamaly.com\/index.php\/wp-json\/wp\/v2\/pages\/11","targetHints":{"allow":["GET"]}}],"collection":[{"href":"https:\/\/pawelskamaly.com\/index.php\/wp-json\/wp\/v2\/pages"}],"about":[{"href":"https:\/\/pawelskamaly.com\/index.php\/wp-json\/wp\/v2\/types\/page"}],"author":[{"embeddable":true,"href":"https:\/\/pawelskamaly.com\/index.php\/wp-json\/wp\/v2\/users\/1"}],"replies":[{"embeddable":true,"href":"https:\/\/pawelskamaly.com\/index.php\/wp-json\/wp\/v2\/comments?post=11"}],"version-history":[{"count":10,"href":"https:\/\/pawelskamaly.com\/index.php\/wp-json\/wp\/v2\/pages\/11\/revisions"}],"predecessor-version":[{"id":300,"href":"https:\/\/pawelskamaly.com\/index.php\/wp-json\/wp\/v2\/pages\/11\/revisions\/300"}],"wp:attachment":[{"href":"https:\/\/pawelskamaly.com\/index.php\/wp-json\/wp\/v2\/media?parent=11"}],"curies":[{"name":"wp","href":"https:\/\/api.w.org\/{rel}","templated":true}]}}