{"id":144,"date":"2022-01-06T18:30:08","date_gmt":"2022-01-06T17:30:08","guid":{"rendered":"https:\/\/pawelskamaly.com\/?page_id=144"},"modified":"2025-01-06T21:10:25","modified_gmt":"2025-01-06T20:10:25","slug":"o-mnie","status":"publish","type":"page","link":"https:\/\/pawelskamaly.com\/index.php\/o-mnie\/","title":{"rendered":"Szanowni Pa\u0144stwo,"},"content":{"rendered":"\n<p>Szanowni Pa\u0144stwo,<\/p>\n\n\n\n<p><br>Jestem absolwentk\u0105 Uniwersytetu Zielonog\u00f3rskiego. Uko\u0144czy\u0142am studia magisterskie na kierunkach: matematyka oraz psychologia, posiadam kwalifikacje pedagogiczne. Uko\u0144czy\u0142am specjalizacj\u0119 w dziedzinie psychoseksuologii. Nieustannie uczestnicz\u0119 w kursach oraz szkoleniach w trosce o aktualn\u0105 wiedz\u0119. <\/p>\n\n\n\n<p>Obszar moich zainteresowa\u0144 zawodowych zajmuj\u0105 przede wszystkim psychologia kliniczna oraz zagadnienia dotycz\u0105ce seksualno\u015bci cz\u0142owieka. Jestem cz\u0142onkiem Polskiego Towarzystwa Psychologicznego oraz Polskiego Towarzystwa Seksuologicznego. Moje do\u015bwiadczenie zawodowe obejmuje prac\u0119 z doros\u0142ymi (Dzienny Oddzia\u0142 Zaburze\u0144 Nerwicowych SP ZOZ MSWiA, Zak\u0142ad Seksuologii Medycznej i Psychoterapii &#8211; Samodzielny Publiczny Szpital Kliniczny im. prof. W. Or\u0142owskiego CMKP w Warszawie) oraz z dzie\u0107mi (Szko\u0142a Podstawowa, Pododdzia\u0142 Psychiatryczny dla Dzieci CLDiM, Poradnia Zdrowia Psychicznego dla dzieci i m\u0142odzie\u017cy), jak r\u00f3wnie\u017c praktyk\u0119 prywatn\u0105 oraz orzekanie w zakresie niepe\u0142nosprawno\u015bci\/stopni niepe\u0142nosprawno\u015bci w Powiatowej Komisji ds Orzekania o Niepe\u0142nosprawno\u015bci. Jestem wyk\u0142adowc\u0105 akademickim w zakresie seksuologii s\u0105dowej i penitencjarnej. Jako osoba uwra\u017cliwiona na potrzeby drugiego cz\u0142owieka anga\u017cuj\u0119 si\u0119 w wolontariat i dzia\u0142ania pomocowe. Zawodowo realizuj\u0119 cele, prywatnie spe\u0142niam marzenia.<br>Zapraszam do kontaktu.<\/p>\n\n\n\n<p><br>Z pozdrowieniem,<br>Anna Pawelska-Ma\u0142y<\/p>\n\n\n\n<p class=\"has-normal-font-size\"><\/p>\n","protected":false},"excerpt":{"rendered":"<p>Szanowni Pa\u0144stwo, Jestem absolwentk\u0105 Uniwersytetu Zielonog\u00f3rskiego. Uko\u0144czy\u0142am studia magisterskie na kierunkach: matematyka oraz psychologia, posiadam kwalifikacje pedagogiczne. Uko\u0144czy\u0142am specjalizacj\u0119 w dziedzinie psychoseksuologii. Nieustannie uczestnicz\u0119 w kursach oraz szkoleniach w trosce o aktualn\u0105 wiedz\u0119. Obszar moich zainteresowa\u0144 zawodowych zajmuj\u0105 przede wszystkim psychologia kliniczna oraz zagadnienia dotycz\u0105ce seksualno\u015bci cz\u0142owieka. Jestem cz\u0142onkiem Polskiego Towarzystwa Psychologicznego oraz Polskiego Towarzystwa &hellip; <\/p>\n<p class=\"link-more\"><a href=\"https:\/\/pawelskamaly.com\/index.php\/o-mnie\/\" class=\"more-link\">Czytaj dalej<span class=\"screen-reader-text\"> \u201eSzanowni Pa\u0144stwo,\u201d<\/span><\/a><\/p>\n","protected":false},"author":1,"featured_media":0,"parent":0,"menu_order":0,"comment_status":"closed","ping_status":"closed","template":"","meta":{"om_disable_all_campaigns":false,"_monsterinsights_skip_tracking":false,"_monsterinsights_sitenote_active":false,"_monsterinsights_sitenote_note":"","_monsterinsights_sitenote_category":0,"footnotes":""},"class_list":["post-144","page","type-page","status-publish","hentry"],"aioseo_notices":[],"_links":{"self":[{"href":"https:\/\/pawelskamaly.com\/index.php\/wp-json\/wp\/v2\/pages\/144","targetHints":{"allow":["GET"]}}],"collection":[{"href":"https:\/\/pawelskamaly.com\/index.php\/wp-json\/wp\/v2\/pages"}],"about":[{"href":"https:\/\/pawelskamaly.com\/index.php\/wp-json\/wp\/v2\/types\/page"}],"author":[{"embeddable":true,"href":"https:\/\/pawelskamaly.com\/index.php\/wp-json\/wp\/v2\/users\/1"}],"replies":[{"embeddable":true,"href":"https:\/\/pawelskamaly.com\/index.php\/wp-json\/wp\/v2\/comments?post=144"}],"version-history":[{"count":10,"href":"https:\/\/pawelskamaly.com\/index.php\/wp-json\/wp\/v2\/pages\/144\/revisions"}],"predecessor-version":[{"id":302,"href":"https:\/\/pawelskamaly.com\/index.php\/wp-json\/wp\/v2\/pages\/144\/revisions\/302"}],"wp:attachment":[{"href":"https:\/\/pawelskamaly.com\/index.php\/wp-json\/wp\/v2\/media?parent=144"}],"curies":[{"name":"wp","href":"https:\/\/api.w.org\/{rel}","templated":true}]}}