{"id":244,"date":"2022-01-06T20:23:02","date_gmt":"2022-01-06T19:23:02","guid":{"rendered":"https:\/\/pawelskamaly.com\/?page_id=244"},"modified":"2025-01-06T21:18:58","modified_gmt":"2025-01-06T20:18:58","slug":"gabinet","status":"publish","type":"page","link":"https:\/\/pawelskamaly.com\/index.php\/gabinet\/","title":{"rendered":"Kiedy nale\u017cy zg\u0142osi\u0107 si\u0119 do psychologa?"},"content":{"rendered":"\n<p>Do psychologa mo\u017cna i warto uda\u0107 si\u0119 zawsze, kiedy odczuwa si\u0119 tak\u0105 potrzeb\u0119. Jest to dojrza\u0142a decyzja, szczeg\u00f3lnie w przypadku odczucia braku kontroli nad obecn\u0105 sytuacj\u0105 \u017cyciow\u0105, braku sensu, braku nadziei, braku r\u00f3wnowagi, uporczywego stresu, czy innego rodzaju dyskomfortu psychicznego a tak\u017ce w przypadku trudno\u015bci w relacjach z otoczeniem. Podczas wizyty u psychologa osoba do\u015bwiadczaj\u0105ca trudno\u015bci ma te\u017c szans\u0119 nauczy\u0107 si\u0119 pomaga\u0107 samemu sobie w przypadku braku dost\u0119pu do specjalisty, a tak\u017ce przeciwdzia\u0142a\u0107 ich wyst\u0119powaniu w przysz\u0142o\u015bci. Odk\u0142adanie konsultacji nierzadko wi\u0105\u017ce si\u0119 z przed\u0142u\u017caj\u0105cym i pog\u0142\u0119biaj\u0105cym si\u0119 cierpieniem. Komfort psychiczny jest tak samo wa\u017cny jak zdrowe cia\u0142o, dlatego nie nale\u017cy ryzykowa\u0107 jego utraty. Wizyta w gabinecie psychologicznym mo\u017ce okaza\u0107 si\u0119 s\u0142usznym krokiem w stron\u0119 satysfakcjonuj\u0105cego \u017cycia szczeg\u00f3lnie w przypadku:<\/p>\n\n\n\n<ul class=\"wp-block-list\">\n<li>obni\u017conego nastroju i stan\u00f3w depresyjnych,<\/li>\n\n\n\n<li>stan\u00f3w l\u0119kowych,<\/li>\n\n\n\n<li>zaburze\u0144 emocjonalnych,<\/li>\n\n\n\n<li>uzale\u017cnie\u0144,<\/li>\n\n\n\n<li>zaburze\u0144 od\u017cywiania,<\/li>\n\n\n\n<li>zaburze\u0144 psychosomatycznych,<\/li>\n\n\n\n<li>trudno\u015bci w sferze zwi\u0105zanej z seksualno\u015bci\u0105,<\/li>\n\n\n\n<li>trudno\u015bci w komunikacji, nieporozumie\u0144,<\/li>\n\n\n\n<li>trudno\u015bci w relacjach z osobami bliskimi,<\/li>\n\n\n\n<li>kryzysu partnerskiego,<\/li>\n\n\n\n<li>trudnej sytuacji zwi\u0105zanej z rozwodem, rozstaniem czy innego rodzaju oddaleniem si\u0119 partner\u00f3w czy roz\u0142\u0105k\u0105,<\/li>\n\n\n\n<li>potrzeby wsparcia w chorobie przewlek\u0142ej, nowotworowej,<\/li>\n\n\n\n<li>utraty lub \u017ca\u0142oby,<\/li>\n\n\n\n<li>problem\u00f3w zwi\u0105zanych z to\u017csamo\u015bci\u0105, r\u00f3wnie\u017c to\u017csamo\u015bci\u0105 seksualn\u0105,<\/li>\n\n\n\n<li>niskiego poczucia w\u0142asnej warto\u015bci, niskiej samooceny,<\/li>\n\n\n\n<li>braku wiary we w\u0142asne mo\u017cliwo\u015bci, braku akceptacji w\u0142asnej osoby,<\/li>\n\n\n\n<li>poczucia osamotnienia,<\/li>\n\n\n\n<li>braku poczucia decyzyjno\u015bci,<\/li>\n\n\n\n<li>trudno\u015bci adaptacyjnych,<\/li>\n\n\n\n<li>l\u0119ku przed podj\u0119ciem trudnej, \u017cyciowej decyzji lub l\u0119ku przed zmian\u0105,<\/li>\n\n\n\n<li>braku\/poszukiwania sensu \u017cycia,<\/li>\n\n\n\n<li>poszukiwania \u017cyciowych cel\u00f3w,<\/li>\n\n\n\n<li>my\u015bli rezygnacyjnych lub\/i samob\u00f3jczych,<\/li>\n\n\n\n<li>my\u015bli i zachowa\u0144 zwi\u0105zanych z autoagresj\u0105,<\/li>\n\n\n\n<li>trudno\u015bci zwi\u0105zanych z prze\u017cytym kryzysem psychicznym,<\/li>\n\n\n\n<li>trudno\u015bci w relacjach zawodowych, utraty pracy, pracoholizmu,<\/li>\n\n\n\n<li>trudno\u015bci w relacjach r\u00f3wie\u015bniczych u dzieci i m\u0142odzie\u017cy,<\/li>\n\n\n\n<li>zaburze\u0144 zachowania u dzieci i m\u0142odzie\u017cy,<\/li>\n\n\n\n<li>trudno\u015bci wychowawczych,<\/li>\n\n\n\n<li>potrzeby psychoedukacji dzieci, m\u0142odzie\u017cy i doros\u0142ych,<\/li>\n\n\n\n<li>poszukiwana pomocy dla innych os\u00f3b,<\/li>\n\n\n\n<li>innych trudno\u015bci.<\/li>\n<\/ul>\n\n\n\n<p><\/p>\n\n\n\n<p><strong>NA CZYM POLEGA WIZYTA W GABINECIE PSYCHOLOGICZNYM?<\/strong><\/p>\n\n\n\n<p>Na pocz\u0105tku psycholog zapyta o cel wizyty oraz zagadnienia i okoliczno\u015bci zwi\u0105zane z pojawieniem si\u0119 w gabinecie a tak\u017ce o oczekiwania i potrzeby zwi\u0105zane z konsultacj\u0105 psychologiczn\u0105, cho\u0107 nie nale\u017cy si\u0119 zra\u017ca\u0107, kiedy wyst\u0119puj\u0105 trudno\u015bci z okre\u015bleniem istoty problemu. Dla zminimalizowania stresu oraz ryzyka pomini\u0119cia pewnych kwestii warto zapisa\u0107 sobie istotne fakty oraz pytania. Zebranie informacji (wywiad) s\u0142u\u017cy ustaleniu diagnozy psychologicznej. W tym celu specjalista mo\u017ce r\u00f3wnie\u017c zaproponowa\u0107 wykonanie test\u00f3w psychologicznych. W\u0142a\u015bnie od diagnozy uzale\u017cniony jest dalszy charakter dzia\u0142a\u0144 &#8211; w zale\u017cno\u015bci od zg\u0142aszanej trudno\u015bci psycholog mo\u017ce udzieli\u0107 wsparcia psychologicznego, podj\u0105\u0107 kr\u00f3tkoterminow\u0105 interwencj\u0119 kryzysow\u0105,  zaproponowa\u0107 d\u0142ugofalowe dzia\u0142ania terapeutyczne lub skierowa\u0107 do lekarza psychiatry.<\/p>\n","protected":false},"excerpt":{"rendered":"<p>Do psychologa mo\u017cna i warto uda\u0107 si\u0119 zawsze, kiedy odczuwa si\u0119 tak\u0105 potrzeb\u0119. Jest to dojrza\u0142a decyzja, szczeg\u00f3lnie w przypadku odczucia braku kontroli nad obecn\u0105 sytuacj\u0105 \u017cyciow\u0105, braku sensu, braku nadziei, braku r\u00f3wnowagi, uporczywego stresu, czy innego rodzaju dyskomfortu psychicznego a tak\u017ce w przypadku trudno\u015bci w relacjach z otoczeniem. Podczas wizyty u psychologa osoba do\u015bwiadczaj\u0105ca &hellip; <\/p>\n<p class=\"link-more\"><a href=\"https:\/\/pawelskamaly.com\/index.php\/gabinet\/\" class=\"more-link\">Czytaj dalej<span class=\"screen-reader-text\"> \u201eKiedy nale\u017cy zg\u0142osi\u0107 si\u0119 do psychologa?\u201d<\/span><\/a><\/p>\n","protected":false},"author":1,"featured_media":0,"parent":0,"menu_order":0,"comment_status":"closed","ping_status":"closed","template":"","meta":{"om_disable_all_campaigns":false,"_monsterinsights_skip_tracking":false,"_monsterinsights_sitenote_active":false,"_monsterinsights_sitenote_note":"","_monsterinsights_sitenote_category":0,"footnotes":""},"class_list":["post-244","page","type-page","status-publish","hentry"],"aioseo_notices":[],"_links":{"self":[{"href":"https:\/\/pawelskamaly.com\/index.php\/wp-json\/wp\/v2\/pages\/244","targetHints":{"allow":["GET"]}}],"collection":[{"href":"https:\/\/pawelskamaly.com\/index.php\/wp-json\/wp\/v2\/pages"}],"about":[{"href":"https:\/\/pawelskamaly.com\/index.php\/wp-json\/wp\/v2\/types\/page"}],"author":[{"embeddable":true,"href":"https:\/\/pawelskamaly.com\/index.php\/wp-json\/wp\/v2\/users\/1"}],"replies":[{"embeddable":true,"href":"https:\/\/pawelskamaly.com\/index.php\/wp-json\/wp\/v2\/comments?post=244"}],"version-history":[{"count":10,"href":"https:\/\/pawelskamaly.com\/index.php\/wp-json\/wp\/v2\/pages\/244\/revisions"}],"predecessor-version":[{"id":306,"href":"https:\/\/pawelskamaly.com\/index.php\/wp-json\/wp\/v2\/pages\/244\/revisions\/306"}],"wp:attachment":[{"href":"https:\/\/pawelskamaly.com\/index.php\/wp-json\/wp\/v2\/media?parent=244"}],"curies":[{"name":"wp","href":"https:\/\/api.w.org\/{rel}","templated":true}]}}